{"id":600,"date":"2024-08-27T12:47:06","date_gmt":"2024-08-27T12:47:06","guid":{"rendered":"https:\/\/balfa.com.tr\/?post_type=product&#038;p=600"},"modified":"2024-08-29T15:56:30","modified_gmt":"2024-08-29T15:56:30","slug":"serenity-h-kitaplik","status":"publish","type":"product","link":"https:\/\/balfa.com.tr\/en\/product\/serenity-h-kitaplik\/","title":{"rendered":"SERENITY H Bookshelf"},"content":{"rendered":"<p>The Serenity H Bookshelf offers horizontal storage with a calm and minimalist design. It can also be used as a console for living and entrance areas, which gives the Serenity H Bookshelf a versatile piece for everyone.<br \/>\n\"Serenity\" signifies tranquility and peace, embodying the bookshelf's calm aesthetic.<\/p>\n<p>Product Measurements:<\/p>\n<p>1200 mm*250 mm*600 mm<br \/>\n47.25&#8217;*9.8&#8217;*23.6&#8242;<\/p>","protected":false},"excerpt":{"rendered":"<p>Serenity H Kitapl\u0131k, yatay depolama imk\u00e2n\u0131 sunarak sakin ve minimalist bir tasar\u0131ma sahiptir. Ayr\u0131ca, oturma odas\u0131 ve giri\u015f alanlar\u0131 i\u00e7in bir konsol olarak da kullan\u0131labilir, bu da Serenity H Kitapl\u0131k&#8217;\u0131 herkes i\u00e7in \u00e7ok y\u00f6nl\u00fc bir par\u00e7a yapar. &#8220;Serenity&#8221; ad\u0131, huzuru ve sakinli\u011fi simgeler, kitapl\u0131\u011f\u0131n huzurlu esteti\u011fini yans\u0131t\u0131r. \u00dcr\u00fcn \u00d6l\u00e7\u00fcleri: 1200 mm*250 mm*600 mm 47.25&#8217;*9.8&#8217;*23.6&#8242;<\/p>","protected":false},"featured_media":606,"template":"","meta":{"_et_pb_use_builder":"","_et_pb_old_content":"","_et_gb_content_width":""},"product_brand":[],"product_cat":[48],"product_tag":[],"class_list":{"0":"post-600","1":"product","2":"type-product","3":"status-publish","4":"has-post-thumbnail","6":"product_cat-kitaplik","8":"first","9":"instock","10":"shipping-taxable","11":"purchasable","12":"product-type-variable","13":"rtwpvg-product"},"_links":{"self":[{"href":"https:\/\/balfa.com.tr\/en\/wp-json\/wp\/v2\/product\/600","targetHints":{"allow":["GET"]}}],"collection":[{"href":"https:\/\/balfa.com.tr\/en\/wp-json\/wp\/v2\/product"}],"about":[{"href":"https:\/\/balfa.com.tr\/en\/wp-json\/wp\/v2\/types\/product"}],"wp:featuredmedia":[{"embeddable":true,"href":"https:\/\/balfa.com.tr\/en\/wp-json\/wp\/v2\/media\/606"}],"wp:attachment":[{"href":"https:\/\/balfa.com.tr\/en\/wp-json\/wp\/v2\/media?parent=600"}],"wp:term":[{"taxonomy":"product_brand","embeddable":true,"href":"https:\/\/balfa.com.tr\/en\/wp-json\/wp\/v2\/product_brand?post=600"},{"taxonomy":"product_cat","embeddable":true,"href":"https:\/\/balfa.com.tr\/en\/wp-json\/wp\/v2\/product_cat?post=600"},{"taxonomy":"product_tag","embeddable":true,"href":"https:\/\/balfa.com.tr\/en\/wp-json\/wp\/v2\/product_tag?post=600"}],"curies":[{"name":"wp","href":"https:\/\/api.w.org\/{rel}","templated":true}]}}